{"id":5644,"date":"2020-09-28T15:05:31","date_gmt":"2020-09-28T13:05:31","guid":{"rendered":"http:\/\/manag-art.com\/services-2\/"},"modified":"2023-09-13T14:13:17","modified_gmt":"2023-09-13T12:13:17","slug":"services-2","status":"publish","type":"page","link":"https:\/\/manag-art.com\/en\/services-2\/","title":{"rendered":"SERVICES"},"content":{"rendered":"<div class=\"vce-row-container\" data-vce-boxed-width=\"true\"><div class=\"vce-row vce-row--col-gap-30 vce-row-equal-height vce-row-content--top\" id=\"el-a80e67bd\" data-vce-do-apply=\"all el-a80e67bd\"><div class=\"vce-row-content\" data-vce-element-content=\"true\"><div class=\"vce-col vce-col--md-auto vce-col--xs-1 vce-col--xs-last vce-col--xs-first vce-col--sm-last vce-col--sm-first vce-col--md-last vce-col--lg-last vce-col--xl-last vce-col--md-first vce-col--lg-first vce-col--xl-first\" id=\"el-472d01fe\"><div class=\"vce-col-inner\" data-vce-do-apply=\"border margin background  el-472d01fe\"><div class=\"vce-col-content\" data-vce-element-content=\"true\" data-vce-do-apply=\"padding el-472d01fe\"><div class=\"vce-row-container\"><div class=\"vce-row vce-row--has-col-background vce-row--col-gap-30 vce-row-no-paddings vce-row-content--top\" data-vce-full-width=\"true\" data-vce-stretch-content=\"true\" id=\"el-f404bc11\" data-vce-do-apply=\"all el-f404bc11\"><div class=\"vce-content-background-container\"><\/div><div class=\"vce-row-content\" data-vce-element-content=\"true\"><div class=\"vce-col vce-col--xs-hide vce-col--xs-first vce-col--sm-8-14p vce-col--sm-visible vce-col--sm-last vce-col--sm-first vce-col--md-8-14p vce-col--md-visible vce-col--md-first vce-col--lg-8-14p vce-col--lg-visible vce-col--lg-first vce-col--xl-8-14p vce-col--xl-visible vce-col--xl-first\" id=\"el-da2620a6\"><div class=\"vce-col-inner\" data-vce-do-apply=\"border margin background  el-da2620a6\"><div class=\"vce-col-content\" data-vce-element-content=\"true\" data-vce-do-apply=\"padding el-da2620a6\"><div><\/div><\/div><\/div><\/div><div class=\"vce-col vce-element--has-background vce-col--xs-100p vce-col--xs-visible vce-col--xs-last vce-col--sm-100p vce-col--sm-visible vce-col--sm-last vce-col--sm-first vce-col--md-91-86p vce-col--md-visible vce-col--md-last vce-col--lg-91-86p vce-col--lg-visible vce-col--lg-last vce-col--xl-91-86p vce-col--xl-visible vce-col--xl-last\" id=\"el-4349abed\"><div class=\"vce-col-inner\" data-vce-do-apply=\"border margin background  el-4349abed\"><div class=\"vce-content-background-container\"><div class=\"vce-asset-parallax-container vce-visible-all-only\" data-vce-assets-parallax=\".vce-asset-parallax\" data-vce-assets-parallax-reverse=\"false\"><div class=\"vce-asset-parallax\" style=\"top: -30vh; bottom: -30vh; transform: translateY(30vh);\"><div class=\"vce-asset-background-simple-container vce-visible-all-only vce-asset-background-simple--style-cover vce-asset-background-simple--position-right-center\"><div class=\"vce-asset-background-simple\">\n              <div class=\"vce-asset-background-simple-item vcv-lozad\" data-background-image=\"https:\/\/manag-art.com\/wp-content\/uploads\/2023\/08\/photo-1517245386807-bb43f82c33c4.jpg\"><\/div>\n              <noscript>\n                <div class=\"vce-asset-background-simple-item\" style=\"background-image: url(https:\/\/manag-art.com\/wp-content\/uploads\/2023\/08\/photo-1517245386807-bb43f82c33c4.jpg)\"><\/div>\n              <\/noscript>\n            <\/div><\/div><\/div><\/div><\/div><div class=\"vce-col-content\" data-vce-element-content=\"true\" data-vce-do-apply=\"padding el-4349abed\"><div><\/div><\/div><\/div><\/div><\/div><\/div><\/div><\/div><\/div><\/div><\/div><\/div><\/div><div class=\"vce-row-container\" data-vce-boxed-width=\"true\"><div class=\"vce-row vce-row--col-gap-30 vce-row-equal-height vce-row-content--top\" id=\"el-94b0dc1d\" data-vce-do-apply=\"all el-94b0dc1d\"><div class=\"vce-row-content\" data-vce-element-content=\"true\"><div class=\"vce-col vce-col--md-auto vce-col--xs-1 vce-col--xs-last vce-col--xs-first vce-col--sm-last vce-col--sm-first vce-col--md-last vce-col--lg-last vce-col--xl-last vce-col--md-first vce-col--lg-first vce-col--xl-first\" id=\"el-606b1eaf\"><div class=\"vce-col-inner\" data-vce-do-apply=\"border margin background  el-606b1eaf\"><div class=\"vce-col-content\" data-vce-element-content=\"true\" data-vce-do-apply=\"padding el-606b1eaf\"><div class=\"vce-row-container\" data-vce-boxed-width=\"true\"><div class=\"vce-row vce-row--col-gap-10 vce-row-content--top\" id=\"el-f1282e82\" data-vce-do-apply=\"all el-f1282e82\"><div class=\"vce-content-background-container\"><\/div><div class=\"vce-row-content\" data-vce-element-content=\"true\"><div class=\"vce-col vce-col--xs-hide vce-col--xs-first vce-col--sm-100p vce-col--sm-visible vce-col--sm-last vce-col--sm-first vce-col--md-auto vce-col--md-visible vce-col--md-first vce-col--lg-auto vce-col--lg-visible vce-col--lg-first vce-col--xl-auto vce-col--xl-visible vce-col--xl-first\" id=\"el-a6a00147\"><div class=\"vce-col-inner\" data-vce-do-apply=\"border margin background  el-a6a00147\"><div class=\"vce-col-content\" data-vce-element-content=\"true\" data-vce-do-apply=\"padding el-a6a00147\"><div><\/div><\/div><\/div><\/div><div class=\"vce-col vce-col--xs-100p vce-col--xs-visible vce-col--xs-last vce-col--sm-100p vce-col--sm-visible vce-col--sm-last vce-col--sm-first vce-col--md-auto vce-col--md-visible vce-col--lg-auto vce-col--lg-visible vce-col--xl-auto vce-col--xl-visible\" id=\"el-af6e33ff\"><div class=\"vce-col-inner\" data-vce-do-apply=\"border margin background  el-af6e33ff\"><div class=\"vce-col-content\" data-vce-element-content=\"true\" data-vce-do-apply=\"padding el-af6e33ff\"><div class=\"vce-google-fonts-heading vce-google-fonts-heading--align-center vce-google-fonts-heading--color-b-18-38-170--45--5C00FF--FF7200 vce-google-fonts-heading--font-family-Oswald\"><div id=\"el-8180b959\" class=\"vce-google-fonts-heading-wrapper\"><div class=\"vce-google-fonts-heading--background vce\" data-vce-do-apply=\"border background  padding margin el-8180b959\"><h1 class=\"vce-google-fonts-heading-inner\" style=\"font-size: 36px; letter-spacing: 4px; font-weight: 700; font-style: normal;\">NOS SERVICES<\/h1><\/div><\/div><\/div><div class=\"vce vce-separator-container vce-separator--align-center vce-separator--style-solid\" id=\"el-c684df81\" data-vce-do-apply=\"margin el-c684df81\"><div class=\"vce-separator vce-separator--color-b-18-38-170 vce-separator--width-72 vce-separator--thickness-10\" data-vce-do-apply=\"border padding background  el-c684df81\"><\/div><\/div><\/div><\/div><\/div><div class=\"vce-col vce-col--xs-hide vce-col--xs-first vce-col--sm-100p vce-col--sm-visible vce-col--sm-last vce-col--sm-first vce-col--md-auto vce-col--md-visible vce-col--md-last vce-col--lg-auto vce-col--lg-visible vce-col--lg-last vce-col--xl-auto vce-col--xl-visible vce-col--xl-last\" id=\"el-e610b158\"><div class=\"vce-col-inner\" data-vce-do-apply=\"border margin background  el-e610b158\"><div class=\"vce-col-content\" data-vce-element-content=\"true\" data-vce-do-apply=\"padding el-e610b158\"><div><\/div><\/div><\/div><\/div><\/div><\/div><\/div><\/div><\/div><\/div><\/div><\/div><\/div><div class=\"vce-row-container\" data-vce-boxed-width=\"true\"><div class=\"vce-row vce-row--has-col-background vce-row--col-gap-5 vce-row-content--top\" id=\"el-a0b5ce8d\" data-vce-do-apply=\"all el-a0b5ce8d\"><div class=\"vce-content-background-container\"><\/div><div class=\"vce-row-content\" data-vce-element-content=\"true\"><div class=\"vce-col vce-element--has-background vce-col--md-auto vce-col--xs-1 vce-col--xs-last vce-col--xs-first vce-col--sm-last vce-col--sm-first vce-col--md-first vce-col--lg-first vce-col--xl-first\" id=\"el-4ba8b775\"><div class=\"vce-col-inner\" data-vce-do-apply=\"border margin background  el-4ba8b775\"><div class=\"vce-content-background-container\"><\/div><div class=\"vce-col-content\" data-vce-element-content=\"true\" data-vce-do-apply=\"padding el-4ba8b775\"><div class=\"vce-text-block\"><div class=\"vce-text-block-wrapper vce\" id=\"el-afcdf2d7\" data-vce-do-apply=\"all el-afcdf2d7\"><h3><span style=\"font-size: 18pt; font-family: Oswald; font-weight: 500; font-style: normal; color: #ffffff;\">CONSEIL<\/span><\/h3><div class=\"wpb_text_column wpb_content_element \"><div class=\"wpb_wrapper\"><p><span style=\"color: #ffffff; font-size: 16px;\">Fond\u00e9e \u00e0 Bordeaux en 2017, Manag'Art soutient les artistes au quotidien dans leur communication, la production de leurs albums, la coordination et la production de leurs concerts, les recherches de financements, le montage de tourn\u00e9es, l'\u00e9tablissement des contrats :<\/span><\/p><\/div><\/div><\/div><\/div><div class=\"vce-features vce-var-icon vce-features--style-none vce-features--size-medium\" style=\"--iconAlignment: left; --iconColor: #fff; --iconColorHover: #fff;\"><div id=\"el-ed37061c\" class=\"vce vce-features-icon-wrapper\" data-vce-do-apply=\"all el-ed37061c\"><div class=\"vce-features--icon vce-icon\"><svg xmlns=\"https:\/\/www.w3.org\/2000\/svg\" viewBox=\"0 0 769 769\"><path stroke-width=\"25\" d=\"M565.755 696.27h-360l-180-311.77 180-311.77h360l180 311.77z\"><\/path><\/svg><span class=\"vce-icon-container far fa-newspaper\"><\/span><\/div><\/div><\/div><div class=\"vce-text-block\"><div class=\"vce-text-block-wrapper vce\" id=\"el-a3421e18\" data-vce-do-apply=\"all el-a3421e18\"><h2><span style=\"font-size: 16pt; font-family: Oswald; font-weight: bold; font-style: normal; color: #ffffff;\">ADMINISTRATION<\/span><\/h2><p><span style=\"color: #ffffff;\">Fond\u00e9e \u00e0 Bordeaux en 2017, Manag'Art soutient les artistes au quotidien dans leur communication, la production de leurs albums, la coordination et la production de leurs concerts, les recherches de financements, le montage de tourn\u00e9es, l'\u00e9tablissement des contrats :<\/span><\/p><ul><li><span style=\"color: #ffffff;\">R\u00e9daction des contrats d\u2019engagement, de cession, de co-production\u2026&nbsp;;<\/span><\/li><li><span style=\"color: #ffffff;\">Facturation des prestations&nbsp;;<\/span><\/li><li><span style=\"color: #ffffff;\">Gestion de la paie (DUE, d\u00e9claration et r\u00e8glement des cotisations aux organismes sociaux, bulletins de salaire, AEM, Cong\u00e9s Spectacle\u2026)&nbsp;;<\/span><\/li><li><span style=\"color: #ffffff;\">Montage des dossiers de demande de subvention, de demande d\u2019aides aux soci\u00e9t\u00e9s civiles (ADAMI, Spedidam), des appels d\u2019offre;<\/span><\/li><\/ul><\/div><\/div><div class=\"vce-button--style-basic-container vce-button--style-basic-container--align-left\"><span class=\"vce-button--style-basic-wrapper vce\" id=\"el-4ff76393\" data-vce-do-apply=\"margin el-4ff76393\"><button class=\"vce-button vce-button--style-basic vce-button--style-basic--border-square vce-button--style-basic--size-medium vce-button--style-basic--color-empty--fff vce-button--style-basic--hover-color-empty--b-244-47-47\" data-vce-do-apply=\"padding border background  el-4ff76393\">LEARN MORE<\/button><\/span><\/div><\/div><\/div><\/div><div class=\"vce-col vce-element--xl--has-background vce-element--lg--has-background vce-element--md--has-background vce-element--sm--has-background vce-element--xs--has-background vce-col--md-auto vce-col--xs-1 vce-col--xs-last vce-col--xs-first vce-col--sm-last vce-col--sm-first vce-col--md-last vce-col--lg-last vce-col--xl-last\" id=\"el-281f5888\"><div class=\"vce-col-inner\" data-vce-do-apply=\"border margin background  el-281f5888\"><div class=\"vce-content-background-container\"><\/div><div class=\"vce-col-content\" data-vce-element-content=\"true\" data-vce-do-apply=\"padding el-281f5888\"><div class=\"vce-features vce-var-icon vce-features--style-none vce-features--size-medium\" style=\"--iconAlignment: left; --iconColor: rgb(18, 38, 170); --iconColorHover: rgb(18, 38, 170);\"><div id=\"el-65d3e195\" class=\"vce vce-features-icon-wrapper\" data-vce-do-apply=\"all el-65d3e195\"><div class=\"vce-features--icon vce-icon\"><svg xmlns=\"https:\/\/www.w3.org\/2000\/svg\" viewBox=\"0 0 769 769\"><path stroke-width=\"25\" d=\"M565.755 696.27h-360l-180-311.77 180-311.77h360l180 311.77z\"><\/path><\/svg><span class=\"vce-icon-container vcv-ui-icon-feather vcv-ui-icon-feather-navigation\"><\/span><\/div><\/div><\/div><div class=\"vce-text-block\"><div class=\"vce-text-block-wrapper vce\" id=\"el-e023e797\" data-vce-do-apply=\"all el-e023e797\"><h2><span style=\"font-style: var(--p-font-style); letter-spacing: 0px; text-transform: var(--p-text-transform); color: #1226aa; font-size: 21.3333px;\"><strong>MANAGEMENT<\/strong><\/span><\/h2>\n<p><span style=\"color: #1226aa;\">Nous manageons quelques artistes depuis 2017.<\/span><\/p><\/div><\/div><div class=\"vce-button--style-basic-container vce-button--style-basic-container--align-left\"><span class=\"vce-button--style-basic-wrapper vce\" id=\"el-fac1ba36\" data-vce-do-apply=\"margin el-fac1ba36\"><button class=\"vce-button vce-button--style-basic vce-button--style-basic--border-square vce-button--style-basic--size-medium vce-button--style-basic--color-empty--b-18-38-170 vce-button--style-basic--hover-color-empty--b-255-255-255\" data-vce-do-apply=\"padding border background  el-fac1ba36\">LEARN MORE<\/button><\/span><\/div><div class=\"vce-features vce-var-icon vce-features--style-none vce-features--size-medium\" style=\"--iconAlignment: left; --iconColor: rgb(18, 38, 170); --iconColorHover: rgb(18, 38, 170);\"><div id=\"el-d85c9761\" class=\"vce vce-features-icon-wrapper\" data-vce-do-apply=\"all el-d85c9761\"><div class=\"vce-features--icon vce-icon\"><svg xmlns=\"https:\/\/www.w3.org\/2000\/svg\" viewBox=\"0 0 769 769\"><path stroke-width=\"25\" d=\"M565.755 696.27h-360l-180-311.77 180-311.77h360l180 311.77z\"><\/path><\/svg><span class=\"vce-icon-container vcv-ui-icon-feather vcv-ui-icon-feather-truck\"><\/span><\/div><\/div><\/div><div class=\"vce-text-block\"><div class=\"vce-text-block-wrapper vce\" id=\"el-713b48e2\" data-vce-do-apply=\"all el-713b48e2\"><h2><span style=\"font-size: 16pt; font-family: Oswald; font-weight: bold; font-style: normal; color: #1226aa;\">TOURNEE<\/span><\/h2>\n<p style=\"line-height: 1.75;\"><span style=\"color: #1226aa; font-family: 'PT Sans';\">Notre structure organise des tourn\u00e9es en France et \u00e0 l'\u00e9tranger : Roumanie, Espagne, Chine, Norv\u00e8ge, Pays-Bas, Allemagne, USA, France...<\/span><\/p><\/div><\/div><div class=\"vce-button--style-basic-container vce-button--style-basic-container--align-left\"><span class=\"vce-button--style-basic-wrapper vce\" id=\"el-12dfd17d\" data-vce-do-apply=\"margin el-12dfd17d\"><button class=\"vce-button vce-button--style-basic vce-button--style-basic--border-square vce-button--style-basic--size-medium vce-button--style-basic--color-empty--b-18-38-170 vce-button--style-basic--hover-color-empty--b-255-255-255\" data-vce-do-apply=\"padding border background  el-12dfd17d\">LEARN MORE<\/button><\/span><\/div><\/div><\/div><\/div><\/div><\/div><\/div>","protected":false},"excerpt":{"rendered":"<p>NOS SERVICESCONSEILFond\u00e9e \u00e0 Bordeaux en 2017, Manag&#8217;Art soutient les artistes au quotidien dans leur communication, la production de leurs albums, la coordination et la production de leurs concerts, les recherches de financements, le montage de tourn\u00e9es, l&#8217;\u00e9tablissement des contrats :ADMINISTRATIONFond\u00e9e \u00e0 Bordeaux en 2017, Manag&#8217;Art&#8230;<\/p>\n","protected":false},"author":3,"featured_media":0,"parent":0,"menu_order":0,"comment_status":"closed","ping_status":"closed","template":"full-width.php","meta":{"footnotes":""},"yoast_head":"<!-- This site is optimized with the Yoast SEO plugin v20.13 - https:\/\/yoast.com\/wordpress\/plugins\/seo\/ -->\n<title>Manag&#039;Art - Services<\/title>\n<meta name=\"description\" content=\"Manag\u2019Art accompagne les artistes et les \u00e9tablissements culturels au quotidien. Nos prestations s\u2019adaptent \u00e0 vos besoins et aux obligations l\" \/>\n<meta name=\"robots\" content=\"index, follow, max-snippet:-1, max-image-preview:large, max-video-preview:-1\" \/>\n<link rel=\"canonical\" href=\"https:\/\/manag-art.com\/en\/services-2\/\" \/>\n<meta property=\"og:locale\" content=\"en_US\" \/>\n<meta property=\"og:type\" content=\"article\" \/>\n<meta property=\"og:title\" content=\"Manag&#039;Art - Services\" \/>\n<meta property=\"og:description\" content=\"Manag\u2019Art accompagne les artistes et les \u00e9tablissements culturels au quotidien. Nos prestations s\u2019adaptent \u00e0 vos besoins et aux obligations l\" \/>\n<meta property=\"og:url\" content=\"https:\/\/manag-art.com\/en\/services-2\/\" \/>\n<meta property=\"og:site_name\" content=\"Manag&#039;Art\" \/>\n<meta property=\"article:publisher\" content=\"https:\/\/www.facebook.com\/managartprod\/\" \/>\n<meta property=\"article:modified_time\" content=\"2023-09-13T12:13:17+00:00\" \/>\n<meta name=\"twitter:card\" content=\"summary_large_image\" \/>\n<meta name=\"twitter:site\" content=\"@ManagArtProd\" \/>\n<meta name=\"twitter:label1\" content=\"Est. reading time\" \/>\n\t<meta name=\"twitter:data1\" content=\"1 minute\" \/>\n<script type=\"application\/ld+json\" class=\"yoast-schema-graph\">{\"@context\":\"https:\/\/schema.org\",\"@graph\":[{\"@type\":\"WebPage\",\"@id\":\"https:\/\/manag-art.com\/en\/services-2\/\",\"url\":\"https:\/\/manag-art.com\/en\/services-2\/\",\"name\":\"Manag'Art - Services\",\"isPartOf\":{\"@id\":\"https:\/\/manag-art.com\/en\/#website\"},\"datePublished\":\"2020-09-28T13:05:31+00:00\",\"dateModified\":\"2023-09-13T12:13:17+00:00\",\"description\":\"Manag\u2019Art accompagne les artistes et les \u00e9tablissements culturels au quotidien. Nos prestations s\u2019adaptent \u00e0 vos besoins et aux obligations l\",\"breadcrumb\":{\"@id\":\"https:\/\/manag-art.com\/en\/services-2\/#breadcrumb\"},\"inLanguage\":\"en-US\",\"potentialAction\":[{\"@type\":\"ReadAction\",\"target\":[\"https:\/\/manag-art.com\/en\/services-2\/\"]}]},{\"@type\":\"BreadcrumbList\",\"@id\":\"https:\/\/manag-art.com\/en\/services-2\/#breadcrumb\",\"itemListElement\":[{\"@type\":\"ListItem\",\"position\":1,\"name\":\"Accueil\",\"item\":\"https:\/\/manag-art.com\/en\/\"},{\"@type\":\"ListItem\",\"position\":2,\"name\":\"SERVICES\"}]},{\"@type\":\"WebSite\",\"@id\":\"https:\/\/manag-art.com\/en\/#website\",\"url\":\"https:\/\/manag-art.com\/en\/\",\"name\":\"Manag'Art - Services & Label\",\"description\":\"Services &amp; Label\",\"publisher\":{\"@id\":\"https:\/\/manag-art.com\/en\/#organization\"},\"potentialAction\":[{\"@type\":\"SearchAction\",\"target\":{\"@type\":\"EntryPoint\",\"urlTemplate\":\"https:\/\/manag-art.com\/en\/?s={search_term_string}\"},\"query-input\":\"required name=search_term_string\"}],\"inLanguage\":\"en-US\"},{\"@type\":\"Organization\",\"@id\":\"https:\/\/manag-art.com\/en\/#organization\",\"name\":\"Manag'Art\",\"url\":\"https:\/\/manag-art.com\/en\/\",\"logo\":{\"@type\":\"ImageObject\",\"inLanguage\":\"en-US\",\"@id\":\"https:\/\/manag-art.com\/en\/#\/schema\/logo\/image\/\",\"url\":\"https:\/\/manag-art.com\/wp-content\/uploads\/2023\/08\/bleu-fonce.png\",\"contentUrl\":\"https:\/\/manag-art.com\/wp-content\/uploads\/2023\/08\/bleu-fonce.png\",\"width\":87,\"height\":64,\"caption\":\"Manag'Art\"},\"image\":{\"@id\":\"https:\/\/manag-art.com\/en\/#\/schema\/logo\/image\/\"},\"sameAs\":[\"https:\/\/www.facebook.com\/managartprod\/\",\"https:\/\/twitter.com\/ManagArtProd\",\"https:\/\/www.instagram.com\/managartprod\/\"]}]}<\/script>\n<!-- \/ Yoast SEO plugin. -->","yoast_head_json":{"title":"Manag'Art - Services","description":"Manag\u2019Art accompagne les artistes et les \u00e9tablissements culturels au quotidien. Nos prestations s\u2019adaptent \u00e0 vos besoins et aux obligations l","robots":{"index":"index","follow":"follow","max-snippet":"max-snippet:-1","max-image-preview":"max-image-preview:large","max-video-preview":"max-video-preview:-1"},"canonical":"https:\/\/manag-art.com\/en\/services-2\/","og_locale":"en_US","og_type":"article","og_title":"Manag'Art - Services","og_description":"Manag\u2019Art accompagne les artistes et les \u00e9tablissements culturels au quotidien. Nos prestations s\u2019adaptent \u00e0 vos besoins et aux obligations l","og_url":"https:\/\/manag-art.com\/en\/services-2\/","og_site_name":"Manag&#039;Art","article_publisher":"https:\/\/www.facebook.com\/managartprod\/","article_modified_time":"2023-09-13T12:13:17+00:00","twitter_card":"summary_large_image","twitter_site":"@ManagArtProd","twitter_misc":{"Est. reading time":"1 minute"},"schema":{"@context":"https:\/\/schema.org","@graph":[{"@type":"WebPage","@id":"https:\/\/manag-art.com\/en\/services-2\/","url":"https:\/\/manag-art.com\/en\/services-2\/","name":"Manag'Art - Services","isPartOf":{"@id":"https:\/\/manag-art.com\/en\/#website"},"datePublished":"2020-09-28T13:05:31+00:00","dateModified":"2023-09-13T12:13:17+00:00","description":"Manag\u2019Art accompagne les artistes et les \u00e9tablissements culturels au quotidien. Nos prestations s\u2019adaptent \u00e0 vos besoins et aux obligations l","breadcrumb":{"@id":"https:\/\/manag-art.com\/en\/services-2\/#breadcrumb"},"inLanguage":"en-US","potentialAction":[{"@type":"ReadAction","target":["https:\/\/manag-art.com\/en\/services-2\/"]}]},{"@type":"BreadcrumbList","@id":"https:\/\/manag-art.com\/en\/services-2\/#breadcrumb","itemListElement":[{"@type":"ListItem","position":1,"name":"Accueil","item":"https:\/\/manag-art.com\/en\/"},{"@type":"ListItem","position":2,"name":"SERVICES"}]},{"@type":"WebSite","@id":"https:\/\/manag-art.com\/en\/#website","url":"https:\/\/manag-art.com\/en\/","name":"Manag'Art - Services & Label","description":"Services &amp; Label","publisher":{"@id":"https:\/\/manag-art.com\/en\/#organization"},"potentialAction":[{"@type":"SearchAction","target":{"@type":"EntryPoint","urlTemplate":"https:\/\/manag-art.com\/en\/?s={search_term_string}"},"query-input":"required name=search_term_string"}],"inLanguage":"en-US"},{"@type":"Organization","@id":"https:\/\/manag-art.com\/en\/#organization","name":"Manag'Art","url":"https:\/\/manag-art.com\/en\/","logo":{"@type":"ImageObject","inLanguage":"en-US","@id":"https:\/\/manag-art.com\/en\/#\/schema\/logo\/image\/","url":"https:\/\/manag-art.com\/wp-content\/uploads\/2023\/08\/bleu-fonce.png","contentUrl":"https:\/\/manag-art.com\/wp-content\/uploads\/2023\/08\/bleu-fonce.png","width":87,"height":64,"caption":"Manag'Art"},"image":{"@id":"https:\/\/manag-art.com\/en\/#\/schema\/logo\/image\/"},"sameAs":["https:\/\/www.facebook.com\/managartprod\/","https:\/\/twitter.com\/ManagArtProd","https:\/\/www.instagram.com\/managartprod\/"]}]}},"_links":{"self":[{"href":"https:\/\/manag-art.com\/en\/wp-json\/wp\/v2\/pages\/5644"}],"collection":[{"href":"https:\/\/manag-art.com\/en\/wp-json\/wp\/v2\/pages"}],"about":[{"href":"https:\/\/manag-art.com\/en\/wp-json\/wp\/v2\/types\/page"}],"author":[{"embeddable":true,"href":"https:\/\/manag-art.com\/en\/wp-json\/wp\/v2\/users\/3"}],"replies":[{"embeddable":true,"href":"https:\/\/manag-art.com\/en\/wp-json\/wp\/v2\/comments?post=5644"}],"version-history":[{"count":11,"href":"https:\/\/manag-art.com\/en\/wp-json\/wp\/v2\/pages\/5644\/revisions"}],"predecessor-version":[{"id":9963,"href":"https:\/\/manag-art.com\/en\/wp-json\/wp\/v2\/pages\/5644\/revisions\/9963"}],"wp:attachment":[{"href":"https:\/\/manag-art.com\/en\/wp-json\/wp\/v2\/media?parent=5644"}],"curies":[{"name":"wp","href":"https:\/\/api.w.org\/{rel}","templated":true}]}}